{"id":1259,"date":"2025-07-29T13:20:35","date_gmt":"2025-07-29T10:20:35","guid":{"rendered":"https:\/\/mattipeltokangas.fi\/?page_id=1259"},"modified":"2025-07-29T13:20:36","modified_gmt":"2025-07-29T10:20:36","slug":"media","status":"publish","type":"page","link":"https:\/\/mattipeltokangas.fi\/en\/media\/","title":{"rendered":"Media"},"content":{"rendered":"<style>.kb-row-layout-id1259_42d279-7c > .kt-row-column-wrap{align-content:start;}:where(.kb-row-layout-id1259_42d279-7c > .kt-row-column-wrap) > .wp-block-kadence-column{justify-content:start;}.kb-row-layout-id1259_42d279-7c > .kt-row-column-wrap{column-gap:var(--global-kb-gap-sm, 1rem);row-gap:var(--global-kb-gap-md, 2rem);max-width:var( --global-content-width, 1290px );padding-left:var(--global-content-edge-padding);padding-right:var(--global-content-edge-padding);padding-top:180px;padding-bottom:80px;grid-template-columns:minmax(0, 1fr);}.kb-row-layout-id1259_42d279-7c > .kt-row-layout-overlay{opacity:0.00;background:linear-gradient(95deg,rgba(6,147,227,0) 2%,rgba(240,240,246,0.8) 88%,rgb(250,241,241) 100%);}@media all and (max-width: 1024px){.kb-row-layout-id1259_42d279-7c > .kt-row-column-wrap{grid-template-columns:minmax(0, 1fr);}}@media all and (max-width: 767px){.kb-row-layout-id1259_42d279-7c > .kt-row-column-wrap{grid-template-columns:minmax(0, 1fr);}}<\/style><div class=\"kb-row-layout-wrap kb-row-layout-id1259_42d279-7c alignfull kt-row-has-bg wp-block-kadence-rowlayout\"><div class=\"kt-blocks-carousel kb-blocks-bg-slider kt-carousel-container-dotstyle-dark\"><div class=\"kt-blocks-carousel-init kb-blocks-bg-slider-init kt-carousel-arrowstyle-outlinewhite kt-carousel-dotstyle-dark\" data-slider-anim-speed=\"400\" data-slider-type=\"slider\" data-slider-scroll=\"1\" data-slider-arrows=\"true\" data-slider-fade=\"true\" data-slider-dots=\"true\" data-slider-hover-pause=\"false\" data-slider-auto=\"true\" data-slider-speed=\"7000\" data-show-pause-button=\"false\"><div class=\"kb-bg-slide-contain\"><div class=\"kb-bg-slide kb-bg-slide-0\" style=\"background-image:url(https:\/\/mattipeltokangas.fi\/wp-content\/uploads\/2019\/05\/004143.jpg); background-size:cover; background-position:center center; background-repeat:no-repeat;\"><\/div><\/div><div class=\"kb-bg-slide-contain\"><div class=\"kb-bg-slide kb-bg-slide-1\" style=\"background-image:url(https:\/\/mattipeltokangas.fi\/wp-content\/uploads\/2019\/05\/2511.jpg); background-size:cover; background-position:center center; background-repeat:no-repeat;\"><\/div><\/div><div class=\"kb-bg-slide-contain\"><div class=\"kb-bg-slide kb-bg-slide-2\" style=\"background-image:url(https:\/\/mattipeltokangas.fi\/wp-content\/uploads\/2019\/05\/20060629_0200.jpg); background-size:cover; background-position:center center; background-repeat:no-repeat;\"><\/div><\/div><div class=\"kb-bg-slide-contain\"><div class=\"kb-bg-slide kb-bg-slide-3\" style=\"background-image:url(https:\/\/mattipeltokangas.fi\/wp-content\/uploads\/2019\/05\/12839-012839.jpg); background-size:cover; background-position:center center; background-repeat:no-repeat;\"><\/div><\/div><div class=\"kb-bg-slide-contain\"><div class=\"kb-bg-slide kb-bg-slide-4\" style=\"background-image:url(https:\/\/mattipeltokangas.fi\/wp-content\/uploads\/2019\/05\/000544.jpg); background-size:cover; background-position:center center; background-repeat:no-repeat;\"><\/div><\/div><\/div><\/div><div class=\"kt-row-layout-overlay kt-row-overlay-gradient\"><\/div><div class=\"kt-row-column-wrap kt-has-1-columns kt-row-layout-equal kt-tab-layout-inherit kt-mobile-layout-row kt-row-valign-top kb-theme-content-width\">\n<style>.kadence-column1259_a9359c-cf > .kt-inside-inner-col,.kadence-column1259_a9359c-cf > .kt-inside-inner-col:before{border-top-left-radius:0px;border-top-right-radius:0px;border-bottom-right-radius:0px;border-bottom-left-radius:0px;}.kadence-column1259_a9359c-cf > .kt-inside-inner-col{column-gap:var(--global-kb-gap-sm, 1rem);}.kadence-column1259_a9359c-cf > .kt-inside-inner-col{flex-direction:column;}.kadence-column1259_a9359c-cf > .kt-inside-inner-col > .aligncenter{width:100%;}.kadence-column1259_a9359c-cf > .kt-inside-inner-col:before{opacity:0.3;}.kadence-column1259_a9359c-cf{position:relative;}@media all and (max-width: 1024px){.kadence-column1259_a9359c-cf > .kt-inside-inner-col{flex-direction:column;justify-content:center;}}@media all and (max-width: 767px){.kadence-column1259_a9359c-cf > .kt-inside-inner-col{flex-direction:column;justify-content:center;}}<\/style>\n<div class=\"wp-block-kadence-column kadence-column1259_a9359c-cf kvs-md-false kvs-sm-false inner-column-1\"><div class=\"kt-inside-inner-col\"><style>.wp-block-kadence-advancedheading.kt-adv-heading1259_a57acf-0a, .wp-block-kadence-advancedheading.kt-adv-heading1259_a57acf-0a[data-kb-block=\"kb-adv-heading1259_a57acf-0a\"]{font-style:normal;}.wp-block-kadence-advancedheading.kt-adv-heading1259_a57acf-0a mark.kt-highlight, .wp-block-kadence-advancedheading.kt-adv-heading1259_a57acf-0a[data-kb-block=\"kb-adv-heading1259_a57acf-0a\"] mark.kt-highlight{font-style:normal;color:#f76a0c;-webkit-box-decoration-break:clone;box-decoration-break:clone;padding-top:0px;padding-right:0px;padding-bottom:0px;padding-left:0px;}<\/style>\n<h1 class=\"kt-adv-heading1259_a57acf-0a wp-block-kadence-advancedheading has-theme-palette-9-color has-text-color\" data-kb-block=\"kb-adv-heading1259_a57acf-0a\">Media<\/h1>\n<\/div><\/div>\n\n<\/div><\/div>\n\n\n<h2 class=\"wp-block-heading\">Websites, listings<\/h2>\n\n\n\n<ul class=\"wp-block-list\">\n<li>Suomen kuvataiteilijat verkkomatrikkeli:&nbsp;<a href=\"http:\/\/www.kuvataiteilijamatrikkeli.fi\/taiteilija.asp?id=1096\" target=\"_blank\" rel=\"noreferrer noopener\">Matti Peltokangas<\/a><\/li>\n\n\n\n<li>St. Ives Net directory of art:&nbsp;<a href=\"http:\/\/st-ives.net\/selected-art\/peltokangas\/\" target=\"_blank\" rel=\"noreferrer noopener\">Matti Peltokangas<\/a><\/li>\n\n\n\n<li>ArtsfactsNet:&nbsp;<a href=\"http:\/\/www.artfacts.net\/index.php\/pageType\/artistInfo\/artist\/99941\/lang\/6\" target=\"_blank\" rel=\"noreferrer noopener\">Matti Peltokangas<\/a><\/li>\n\n\n\n<li>ForumBox:&nbsp;<a href=\"http:\/\/www.forumbox.fi\/site\/index.php?lang=fi&amp;p=9&amp;ep=23\" target=\"_blank\" rel=\"noreferrer noopener\">Tila taiteelle<\/a><\/li>\n\n\n\n<li>Opam.ws:&nbsp;<a href=\"http:\/\/opam.ws\/works\/1601.htm\" target=\"_blank\" rel=\"noreferrer noopener\">Light,Shadow,Light<\/a><\/li>\n<\/ul>\n\n\n\n<h2 class=\"wp-block-heading\">Digital media and articles<\/h2>\n\n\n\n<ul class=\"wp-block-list\">\n<li>US:&nbsp;<a href=\"http:\/\/www.uusisuomi.fi\/kulttuuri\/32125-raahen-ukkn-veistaja-on-kaksinkertainen-presidentintekija\" target=\"_blank\" rel=\"noreferrer noopener\">Raahen UKK:n veist\u00e4j\u00e4 on kaksinkertainen presidentintekij\u00e4<\/a><\/li>\n\n\n\n<li>Helsingin Sanomat:&nbsp;<a href=\"http:\/\/www.hs.fi\/kotimaa\/artikkeli\/Kekkonen+sai+n%C3%A4k%C3%B6ispatsaan\/1135238506564\" target=\"_blank\" rel=\"noreferrer noopener\">Kekkonen sai n\u00e4k\u00f6ispatsaan<\/a><\/li>\n\n\n\n<li>Helsingin Sanomat:&nbsp;<a href=\"http:\/\/www.hs.fi\/autot\/artikkeli\/Kunnat+kosiskelevat+turisteja++kiertoliittymien+taiteella\/HS20071119SI2YO06dof\" target=\"_blank\" rel=\"noreferrer noopener\">Kunnat kosiskelevat turisteja kiertoliittymien taiteella<\/a><\/li>\n\n\n\n<li>Suomalainen Kivi:&nbsp;<a href=\"http:\/\/www.finstone.com\/lehti\/monumentteja_hautausmaille.php\" target=\"_blank\" rel=\"noreferrer noopener\">Monumentteja hautasmaille<\/a><\/li>\n\n\n\n<li>Vantaan Lauri:&nbsp;<a href=\"http:\/\/www.vantaanlauri.fi\/arkisto\/2003\/2003-04-29\/henkilokemiaa\/kulttuuru\" target=\"_blank\" rel=\"noreferrer noopener\">Kulttuuri: Patsastelua<\/a><\/li>\n\n\n\n<li>Orton Invalidis\u00e4\u00e4ti\u00f6n tiedotuslehti 1\/2006:&nbsp;<a href=\"http:\/\/orton.navigo.fi\/html\/orton\/www.invalidisaatio.fi\/verkkolehti\/alasivu219b.html?cd=210963&amp;doc=212719&amp;bigcd=210957\" target=\"_blank\" rel=\"noreferrer noopener\">Matti Peltokankaan k\u00e4siss\u00e4 syntyy kevytt\u00e4 graniittia<\/a><\/li>\n\n\n\n<li>E-Thesis &#8211; Helsingin yliopiston verkkojulkaisut:&nbsp;<a href=\"http:\/\/urn.fi\/URN:ISBN:952-10-3407-6\" target=\"_blank\" rel=\"noreferrer noopener\">Hautamuistomerkki el\u00e4m\u00e4n ja kuoleman tulkitsijana : Heikki H\u00e4iv\u00e4ojan, Kain Tapperin ja Matti Peltokankaan tekem\u00e4t hautamuistomerkit 1952-2002<\/a><\/li>\n<\/ul>\n\n\n\n<h2 class=\"wp-block-heading\">Other media<\/h2>\n\n\n\n<ul class=\"wp-block-list\">\n<li>ELONET:&nbsp;<a href=\"http:\/\/www.elonet.fi\/name\/hev9z7\/\" target=\"_blank\" rel=\"noreferrer noopener\">Matti Peltokangas<\/a><\/li>\n\n\n\n<li>MTV3:&nbsp;<a href=\"http:\/\/scully.mtv3.fi\/uutiset\/arkisto.shtml\/arkistot\/kulttuuri\/2000\/04\/18810\" target=\"_blank\" rel=\"noreferrer noopener\">Matti Peltokangas uuden presidenttimitalin tekij\u00e4<\/a><\/li>\n<\/ul>\n\n\n\n<h2 class=\"wp-block-heading\">Museums and organizations<\/h2>\n\n\n\n<ul class=\"wp-block-list\">\n<li>Laterna Magica&nbsp;<a href=\"http:\/\/www.laterna.net\/laterna\/press.php?ID=kantokorpio\" target=\"_blank\" rel=\"noreferrer noopener\">Valokuvia<\/a><\/li>\n\n\n\n<li>G\u00f6sta Serlachiuksen taidemuseo<a href=\"http:\/\/www.serlachiusartmuseum.fi\/suomi\/ajankohtaistaa250907.htm\" target=\"_blank\" rel=\"noreferrer noopener\">&nbsp;Matti Peltokankaan ty\u00f6st\u00e4 Vuosi 2000<\/a><\/li>\n\n\n\n<li>G\u00f6sta Serlachiuksen taides\u00e4\u00e4ti\u00f6 &#8211;&nbsp;<a href=\"http:\/\/www.serlachiusartmuseum.fi\/julkiset\/v2000.html\" target=\"_blank\" rel=\"noreferrer noopener\">Julkiset veistokset Matti Peltokangas\/Vuosi 2000<\/a><\/li>\n\n\n\n<li><a href=\"http:\/\/www.taidegraafikot.fi\/galleriag_taidenly0904.html\" target=\"_blank\" rel=\"noreferrer noopener\">Galleria G<\/a><\/li>\n\n\n\n<li><a href=\"http:\/\/www.arsfennica.fi\/1996\/pelto-fi.html\" target=\"_blank\" rel=\"noreferrer noopener\">Ars Fennica<\/a><\/li>\n\n\n\n<li>Helsingin taidemuseo:&nbsp;<a href=\"http:\/\/www.taidemuseo.hel.fi\/english\/veisto\/veistossivu.html?id=92&amp;sortby=artist\" target=\"_blank\" rel=\"noreferrer noopener\">Public Art, Juhlap\u00f6yt\u00e4<\/a><\/li>\n\n\n\n<li>Helsingin taidemuseo:&nbsp;<a href=\"http:\/\/www.taidemuseo.hel.fi\/suomi\/veisto\/veistossivu.html?id=160\" target=\"_blank\" rel=\"noreferrer noopener\">Julkiset veistokset, Lauri Kristian Relander<\/a><\/li>\n\n\n\n<li><a href=\"http:\/\/www3.jkl.fi\/taidemuseo\/veistokset\/veistokset\/018.html\" target=\"_blank\" rel=\"noreferrer noopener\">Julkiset taideteokset Jyv\u00e4skyl\u00e4ss\u00e4<\/a><\/li>\n\n\n\n<li>Vantaan kaupunki:&nbsp;<a href=\"http:\/\/www.vantaa.fi\/i_perusdokumentti.asp?path=1;218;4698;5422;5590;5843;5846&amp;voucher=27150C52-CF74-4851-B0ED-9F0EABA03861\" target=\"_blank\" rel=\"noreferrer noopener\">Matti Peltokangas<\/a><\/li>\n<\/ul>\n\n\n\n<h2 class=\"wp-block-heading\">The Book:<\/h2>\n\n\n\n<ul class=\"wp-block-list\">\n<li><a href=\"http:\/\/www.parvspublishing.com\/\" target=\"_blank\" rel=\"noreferrer noopener\">PARVS Publishing<\/a><\/li>\n\n\n\n<li><a href=\"http:\/\/www.bookplus.fi\/product.php?isbn=9789525654134\" target=\"_blank\" rel=\"noreferrer noopener\">BookPlus Kirjamaailma<\/a><\/li>\n\n\n\n<li><a href=\"http:\/\/www.suurikuu.fi\/PublishedService?pageID=9&amp;itemcode=9789525654134\" target=\"_blank\" rel=\"noreferrer noopener\">Suuri Kuu<\/a><\/li>\n\n\n\n<li><a href=\"http:\/\/www.adlibris.com\/fi\/product.aspx?isbn=9525654133\" target=\"_blank\" rel=\"noreferrer noopener\">AdLibris<\/a><\/li>\n<\/ul>\n\n\n\n<p>Katso my\u00f6s:&nbsp;<a href=\"http:\/\/www.helsinkisculpture.info\/\" target=\"_blank\" rel=\"noreferrer noopener\">Taidekivenveisto ry<\/a><\/p>\n","protected":false},"excerpt":{"rendered":"<p>Media Websites, listings Digital media and articles Other media Museums and organizations The Book: Katso my\u00f6s:&nbsp;Taidekivenveisto ry<\/p>\n","protected":false},"author":2,"featured_media":0,"parent":0,"menu_order":0,"comment_status":"closed","ping_status":"closed","template":"","meta":{"_kad_blocks_custom_css":"","_kad_blocks_head_custom_js":"","_kad_blocks_body_custom_js":"","_kad_blocks_footer_custom_js":"","_kad_post_transparent":"","_kad_post_title":"","_kad_post_layout":"","_kad_post_sidebar_id":"","_kad_post_content_style":"","_kad_post_vertical_padding":"","_kad_post_feature":"","_kad_post_feature_position":"","_kad_post_header":false,"_kad_post_footer":false,"_kad_post_classname":"","footnotes":""},"class_list":["post-1259","page","type-page","status-publish","hentry"],"taxonomy_info":[],"featured_image_src_large":false,"author_info":{"display_name":"katjalampela","author_link":"https:\/\/mattipeltokangas.fi\/en\/author\/katjalampela\/"},"comment_info":"","_links":{"self":[{"href":"https:\/\/mattipeltokangas.fi\/en\/wp-json\/wp\/v2\/pages\/1259","targetHints":{"allow":["GET"]}}],"collection":[{"href":"https:\/\/mattipeltokangas.fi\/en\/wp-json\/wp\/v2\/pages"}],"about":[{"href":"https:\/\/mattipeltokangas.fi\/en\/wp-json\/wp\/v2\/types\/page"}],"author":[{"embeddable":true,"href":"https:\/\/mattipeltokangas.fi\/en\/wp-json\/wp\/v2\/users\/2"}],"replies":[{"embeddable":true,"href":"https:\/\/mattipeltokangas.fi\/en\/wp-json\/wp\/v2\/comments?post=1259"}],"version-history":[{"count":1,"href":"https:\/\/mattipeltokangas.fi\/en\/wp-json\/wp\/v2\/pages\/1259\/revisions"}],"predecessor-version":[{"id":1260,"href":"https:\/\/mattipeltokangas.fi\/en\/wp-json\/wp\/v2\/pages\/1259\/revisions\/1260"}],"wp:attachment":[{"href":"https:\/\/mattipeltokangas.fi\/en\/wp-json\/wp\/v2\/media?parent=1259"}],"curies":[{"name":"wp","href":"https:\/\/api.w.org\/{rel}","templated":true}]}}